{"id":1154,"date":"2024-09-05T10:44:57","date_gmt":"2024-09-05T08:44:57","guid":{"rendered":"https:\/\/pkcolor.cz\/domains\/pkcolor.cz\/?page_id=1154"},"modified":"2025-01-28T12:15:46","modified_gmt":"2025-01-28T11:15:46","slug":"omitkove-barvy","status":"publish","type":"page","link":"https:\/\/pkcolor.cz\/domains\/pkcolor.cz\/tonovaci-centrum\/omitkove-barvy\/","title":{"rendered":"Om\u00edtkov\u00e9 barvy"},"content":{"rendered":"","protected":false},"excerpt":{"rendered":"","protected":false},"author":2,"featured_media":0,"parent":650,"menu_order":0,"comment_status":"closed","ping_status":"closed","template":"","meta":{"_acf_changed":false,"footnotes":""},"class_list":["post-1154","page","type-page","status-publish","hentry"],"acf":[],"yoast_head":"<!-- This site is optimized with the Yoast SEO plugin v25.4 - https:\/\/yoast.com\/wordpress\/plugins\/seo\/ -->\n<title>Om\u00edtkov\u00e9 barvy - PKcolor.cz<\/title>\n<meta name=\"robots\" content=\"index, follow, max-snippet:-1, max-image-preview:large, max-video-preview:-1\" \/>\n<link rel=\"canonical\" href=\"https:\/\/pkcolor.cz\/domains\/pkcolor.cz\/tonovaci-centrum\/omitkove-barvy\/\" \/>\n<meta property=\"og:locale\" content=\"cs_CZ\" \/>\n<meta property=\"og:type\" content=\"article\" \/>\n<meta property=\"og:title\" content=\"Om\u00edtkov\u00e9 barvy - PKcolor.cz\" \/>\n<meta property=\"og:url\" content=\"https:\/\/pkcolor.cz\/domains\/pkcolor.cz\/tonovaci-centrum\/omitkove-barvy\/\" \/>\n<meta property=\"og:site_name\" content=\"PKcolor.cz\" \/>\n<meta property=\"article:modified_time\" content=\"2025-01-28T11:15:46+00:00\" \/>\n<meta name=\"twitter:card\" content=\"summary_large_image\" \/>\n<script type=\"application\/ld+json\" class=\"yoast-schema-graph\">{\"@context\":\"https:\/\/schema.org\",\"@graph\":[{\"@type\":\"WebPage\",\"@id\":\"https:\/\/pkcolor.cz\/domains\/pkcolor.cz\/tonovaci-centrum\/omitkove-barvy\/\",\"url\":\"https:\/\/pkcolor.cz\/domains\/pkcolor.cz\/tonovaci-centrum\/omitkove-barvy\/\",\"name\":\"Om\u00edtkov\u00e9 barvy - PKcolor.cz\",\"isPartOf\":{\"@id\":\"https:\/\/pkcolor.cz\/domains\/pkcolor.cz\/#website\"},\"datePublished\":\"2024-09-05T08:44:57+00:00\",\"dateModified\":\"2025-01-28T11:15:46+00:00\",\"breadcrumb\":{\"@id\":\"https:\/\/pkcolor.cz\/domains\/pkcolor.cz\/tonovaci-centrum\/omitkove-barvy\/#breadcrumb\"},\"inLanguage\":\"cs\",\"potentialAction\":[{\"@type\":\"ReadAction\",\"target\":[\"https:\/\/pkcolor.cz\/domains\/pkcolor.cz\/tonovaci-centrum\/omitkove-barvy\/\"]}]},{\"@type\":\"BreadcrumbList\",\"@id\":\"https:\/\/pkcolor.cz\/domains\/pkcolor.cz\/tonovaci-centrum\/omitkove-barvy\/#breadcrumb\",\"itemListElement\":[{\"@type\":\"ListItem\",\"position\":1,\"name\":\"Home\",\"item\":\"https:\/\/pkcolor.cz\/domains\/pkcolor.cz\/\"},{\"@type\":\"ListItem\",\"position\":2,\"name\":\"T\u00f3novac\u00ed centrum\",\"item\":\"https:\/\/pkcolor.cz\/domains\/pkcolor.cz\/tonovaci-centrum\/\"},{\"@type\":\"ListItem\",\"position\":3,\"name\":\"Om\u00edtkov\u00e9 barvy\"}]},{\"@type\":\"WebSite\",\"@id\":\"https:\/\/pkcolor.cz\/domains\/pkcolor.cz\/#website\",\"url\":\"https:\/\/pkcolor.cz\/domains\/pkcolor.cz\/\",\"name\":\"PKcolor.cz\",\"description\":\"S\u00eddl\u00edme v Litovli a zab\u00fdv\u00e1me se p\u0159\u00edpravou, prodejem a aplikac\u00ed autolak\u016f, prodejem barev a lak\u016f, provozujeme drogerii, servisujeme a p\u016fj\u010dujeme st\u0159\u00edkac\u00ed techniku.\",\"publisher\":{\"@id\":\"https:\/\/pkcolor.cz\/domains\/pkcolor.cz\/#organization\"},\"potentialAction\":[{\"@type\":\"SearchAction\",\"target\":{\"@type\":\"EntryPoint\",\"urlTemplate\":\"https:\/\/pkcolor.cz\/domains\/pkcolor.cz\/?s={search_term_string}\"},\"query-input\":{\"@type\":\"PropertyValueSpecification\",\"valueRequired\":true,\"valueName\":\"search_term_string\"}}],\"inLanguage\":\"cs\"},{\"@type\":\"Organization\",\"@id\":\"https:\/\/pkcolor.cz\/domains\/pkcolor.cz\/#organization\",\"name\":\"PKcolor\",\"url\":\"https:\/\/pkcolor.cz\/domains\/pkcolor.cz\/\",\"logo\":{\"@type\":\"ImageObject\",\"inLanguage\":\"cs\",\"@id\":\"https:\/\/pkcolor.cz\/domains\/pkcolor.cz\/#\/schema\/logo\/image\/\",\"url\":\"https:\/\/pkcolor.cz\/domains\/pkcolor.cz\/wp-content\/uploads\/2025\/01\/pk-color-fav-48.png\",\"contentUrl\":\"https:\/\/pkcolor.cz\/domains\/pkcolor.cz\/wp-content\/uploads\/2025\/01\/pk-color-fav-48.png\",\"width\":48,\"height\":48,\"caption\":\"PKcolor\"},\"image\":{\"@id\":\"https:\/\/pkcolor.cz\/domains\/pkcolor.cz\/#\/schema\/logo\/image\/\"}}]}<\/script>\n<!-- \/ Yoast SEO plugin. -->","yoast_head_json":{"title":"Om\u00edtkov\u00e9 barvy - PKcolor.cz","robots":{"index":"index","follow":"follow","max-snippet":"max-snippet:-1","max-image-preview":"max-image-preview:large","max-video-preview":"max-video-preview:-1"},"canonical":"https:\/\/pkcolor.cz\/domains\/pkcolor.cz\/tonovaci-centrum\/omitkove-barvy\/","og_locale":"cs_CZ","og_type":"article","og_title":"Om\u00edtkov\u00e9 barvy - PKcolor.cz","og_url":"https:\/\/pkcolor.cz\/domains\/pkcolor.cz\/tonovaci-centrum\/omitkove-barvy\/","og_site_name":"PKcolor.cz","article_modified_time":"2025-01-28T11:15:46+00:00","twitter_card":"summary_large_image","schema":{"@context":"https:\/\/schema.org","@graph":[{"@type":"WebPage","@id":"https:\/\/pkcolor.cz\/domains\/pkcolor.cz\/tonovaci-centrum\/omitkove-barvy\/","url":"https:\/\/pkcolor.cz\/domains\/pkcolor.cz\/tonovaci-centrum\/omitkove-barvy\/","name":"Om\u00edtkov\u00e9 barvy - PKcolor.cz","isPartOf":{"@id":"https:\/\/pkcolor.cz\/domains\/pkcolor.cz\/#website"},"datePublished":"2024-09-05T08:44:57+00:00","dateModified":"2025-01-28T11:15:46+00:00","breadcrumb":{"@id":"https:\/\/pkcolor.cz\/domains\/pkcolor.cz\/tonovaci-centrum\/omitkove-barvy\/#breadcrumb"},"inLanguage":"cs","potentialAction":[{"@type":"ReadAction","target":["https:\/\/pkcolor.cz\/domains\/pkcolor.cz\/tonovaci-centrum\/omitkove-barvy\/"]}]},{"@type":"BreadcrumbList","@id":"https:\/\/pkcolor.cz\/domains\/pkcolor.cz\/tonovaci-centrum\/omitkove-barvy\/#breadcrumb","itemListElement":[{"@type":"ListItem","position":1,"name":"Home","item":"https:\/\/pkcolor.cz\/domains\/pkcolor.cz\/"},{"@type":"ListItem","position":2,"name":"T\u00f3novac\u00ed centrum","item":"https:\/\/pkcolor.cz\/domains\/pkcolor.cz\/tonovaci-centrum\/"},{"@type":"ListItem","position":3,"name":"Om\u00edtkov\u00e9 barvy"}]},{"@type":"WebSite","@id":"https:\/\/pkcolor.cz\/domains\/pkcolor.cz\/#website","url":"https:\/\/pkcolor.cz\/domains\/pkcolor.cz\/","name":"PKcolor.cz","description":"S\u00eddl\u00edme v Litovli a zab\u00fdv\u00e1me se p\u0159\u00edpravou, prodejem a aplikac\u00ed autolak\u016f, prodejem barev a lak\u016f, provozujeme drogerii, servisujeme a p\u016fj\u010dujeme st\u0159\u00edkac\u00ed techniku.","publisher":{"@id":"https:\/\/pkcolor.cz\/domains\/pkcolor.cz\/#organization"},"potentialAction":[{"@type":"SearchAction","target":{"@type":"EntryPoint","urlTemplate":"https:\/\/pkcolor.cz\/domains\/pkcolor.cz\/?s={search_term_string}"},"query-input":{"@type":"PropertyValueSpecification","valueRequired":true,"valueName":"search_term_string"}}],"inLanguage":"cs"},{"@type":"Organization","@id":"https:\/\/pkcolor.cz\/domains\/pkcolor.cz\/#organization","name":"PKcolor","url":"https:\/\/pkcolor.cz\/domains\/pkcolor.cz\/","logo":{"@type":"ImageObject","inLanguage":"cs","@id":"https:\/\/pkcolor.cz\/domains\/pkcolor.cz\/#\/schema\/logo\/image\/","url":"https:\/\/pkcolor.cz\/domains\/pkcolor.cz\/wp-content\/uploads\/2025\/01\/pk-color-fav-48.png","contentUrl":"https:\/\/pkcolor.cz\/domains\/pkcolor.cz\/wp-content\/uploads\/2025\/01\/pk-color-fav-48.png","width":48,"height":48,"caption":"PKcolor"},"image":{"@id":"https:\/\/pkcolor.cz\/domains\/pkcolor.cz\/#\/schema\/logo\/image\/"}}]}},"_links":{"self":[{"href":"https:\/\/pkcolor.cz\/domains\/pkcolor.cz\/wp-json\/wp\/v2\/pages\/1154","targetHints":{"allow":["GET"]}}],"collection":[{"href":"https:\/\/pkcolor.cz\/domains\/pkcolor.cz\/wp-json\/wp\/v2\/pages"}],"about":[{"href":"https:\/\/pkcolor.cz\/domains\/pkcolor.cz\/wp-json\/wp\/v2\/types\/page"}],"author":[{"embeddable":true,"href":"https:\/\/pkcolor.cz\/domains\/pkcolor.cz\/wp-json\/wp\/v2\/users\/2"}],"replies":[{"embeddable":true,"href":"https:\/\/pkcolor.cz\/domains\/pkcolor.cz\/wp-json\/wp\/v2\/comments?post=1154"}],"version-history":[{"count":19,"href":"https:\/\/pkcolor.cz\/domains\/pkcolor.cz\/wp-json\/wp\/v2\/pages\/1154\/revisions"}],"predecessor-version":[{"id":1832,"href":"https:\/\/pkcolor.cz\/domains\/pkcolor.cz\/wp-json\/wp\/v2\/pages\/1154\/revisions\/1832"}],"up":[{"embeddable":true,"href":"https:\/\/pkcolor.cz\/domains\/pkcolor.cz\/wp-json\/wp\/v2\/pages\/650"}],"wp:attachment":[{"href":"https:\/\/pkcolor.cz\/domains\/pkcolor.cz\/wp-json\/wp\/v2\/media?parent=1154"}],"curies":[{"name":"wp","href":"https:\/\/api.w.org\/{rel}","templated":true}]}}